{"id":30542,"date":"2024-11-26T11:00:25","date_gmt":"2024-11-26T11:00:25","guid":{"rendered":"https:\/\/worldofmugs-35ngqybq36.live-website.com\/?page_id=30542"},"modified":"2025-03-01T11:18:37","modified_gmt":"2025-03-01T11:18:37","slug":"wom-faq-frequently-asked-questions","status":"publish","type":"page","link":"https:\/\/worldofmugs-35ngqybq36.live-website.com\/en\/wom-faq-frequently-asked-questions\/","title":{"rendered":"WoM FAQ &#8211; Frequently Asked Questions"},"content":{"rendered":"\t\t<div data-elementor-type=\"wp-page\" data-elementor-id=\"30542\" class=\"elementor elementor-30542\">\n\t\t\t\t\t\t<section class=\"elementor-section elementor-top-section elementor-element elementor-element-52698115 elementor-section-boxed elementor-section-height-default elementor-section-height-default\" data-id=\"52698115\" data-element_type=\"section\" data-e-type=\"section\">\n\t\t\t\t\t\t<div class=\"elementor-container elementor-column-gap-no\">\n\t\t\t\t\t<div class=\"elementor-column elementor-col-100 elementor-top-column elementor-element elementor-element-1ebe9c1\" data-id=\"1ebe9c1\" data-element_type=\"column\" data-e-type=\"column\">\n\t\t\t<div class=\"elementor-widget-wrap elementor-element-populated\">\n\t\t\t\t\t\t<div class=\"elementor-element elementor-element-25246ab elementor-widget elementor-widget-heading\" data-id=\"25246ab\" data-element_type=\"widget\" data-e-type=\"widget\" data-widget_type=\"heading.default\">\n\t\t\t\t<div class=\"elementor-widget-container\">\n\t\t\t\t\t<h1 class=\"elementor-heading-title elementor-size-default\">WoM F.A.Q - Frequently Asked Questions<\/h1>\t\t\t\t<\/div>\n\t\t\t\t<\/div>\n\t\t\t\t<div class=\"elementor-element elementor-element-fd983f7 elementor-widget elementor-widget-heading\" data-id=\"fd983f7\" data-element_type=\"widget\" data-e-type=\"widget\" data-widget_type=\"heading.default\">\n\t\t\t\t<div class=\"elementor-widget-container\">\n\t\t\t\t\t<h2 class=\"elementor-heading-title elementor-size-default\">Was kann ich tun wenn ..... <\/h2>\t\t\t\t<\/div>\n\t\t\t\t<\/div>\n\t\t\t\t\t<\/div>\n\t\t<\/div>\n\t\t\t\t\t<\/div>\n\t\t<\/section>\n\t\t<div class=\"elementor-element elementor-element-64825ac e-con-full e-flex e-con e-parent\" data-id=\"64825ac\" data-element_type=\"container\" data-e-type=\"container\">\n\t\t<div class=\"elementor-element elementor-element-3f162d3 e-con-full e-flex e-con e-child\" data-id=\"3f162d3\" data-element_type=\"container\" data-e-type=\"container\">\n\t\t\t\t<div class=\"elementor-element elementor-element-b93315f elementor-widget elementor-widget-heading\" data-id=\"b93315f\" data-element_type=\"widget\" data-e-type=\"widget\" data-widget_type=\"heading.default\">\n\t\t\t\t<div class=\"elementor-widget-container\">\n\t\t\t\t\t<h2 class=\"elementor-heading-title elementor-size-default\">Probleme beim Versand<\/h2>\t\t\t\t<\/div>\n\t\t\t\t<\/div>\n\t\t\t\t<div class=\"elementor-element elementor-element-12f12dc elementor-widget elementor-widget-text-editor\" data-id=\"12f12dc\" data-element_type=\"widget\" data-e-type=\"widget\" data-widget_type=\"text-editor.default\">\n\t\t\t\t<div class=\"elementor-widget-container\">\n\t\t\t\t\t\t\t\t\t<p><strong>Ich habe meine Sendung nicht erhalten obwohl diese in der Sendungsverfolgung als zugestellt gekennzeichnet wurde.<\/strong><\/p><ul><li>Keine Panik. Das kommt in der Tat \u00f6fter vor als man denkt. Meist sind die Gr\u00fcnde daf\u00fcr die Unterschiedlichsten. Zum Beispiel kann es sein, dass Ihr Paket bei einem Nachbarn abgegeben oder das versehentlich falsch gescannt wurde. In jedem Fall solltet Ihr unser Kontaktformular nutzen. Wir antworten innerhalb von 24 Stunden an Werktagen. Wir k\u00fcmmern uns dann um Ihr Anliegen und treten direkt mit dem Versandunternehmen in Verbindung. Alle Informationen stellen wir Euch v\u00f6llig transparent Zur Verf\u00fcgung.<\/li><\/ul><p><strong>Meine Bestellung ist mit einem Mangel angekommen.<\/strong><\/p><ul><li>Gaaaanz ruhig bleiben. Viele haben bereits gesehen wie Versandunternehmen mit unseren Paketen umgehen. Daf\u00fcr sind wir jedoch versichert. In jedem Fall solltet Ihr unser Kontaktformular nutzen oder direkt an Reklamation@world-of-mugs.de eine Mail senden. Macht 2-3 Fotos damit wir uns ein Bild vom Schaden machen k\u00f6nnen und lasst uns diese zukommen. Nach kurzer Sichtung melden wir uns auch schon bei Dir mit einem L\u00f6sungsvorschlag.<\/li><\/ul><p><strong>Meine Sendungsnummer ist ung\u00fcltig.<\/strong><\/p><ul><li>Da gibt es in der Tat nur wenige Gr\u00fcnde. Hast Du die Sendungsnummer auch richtig kopiert? Ist ggf. ein Leerzeichen mit reingerutscht? Nein? Dann kann es sein das wir vielleicht einen Zahlendreher bei der \u00dcbermittlung produziert haben. Alles kein Problem. Kontaktiert uns am besten per Mail und wir melde uns bei Dir.<\/li><\/ul>\t\t\t\t\t\t\t\t<\/div>\n\t\t\t\t<\/div>\n\t\t\t\t<\/div>\n\t\t<div class=\"elementor-element elementor-element-c2e7115 e-con-full e-flex e-con e-child\" data-id=\"c2e7115\" data-element_type=\"container\" data-e-type=\"container\" data-settings=\"{&quot;background_background&quot;:&quot;classic&quot;}\">\n\t\t\t\t<div class=\"elementor-element elementor-element-aad95ba elementor-widget elementor-widget-heading\" data-id=\"aad95ba\" data-element_type=\"widget\" data-e-type=\"widget\" data-widget_type=\"heading.default\">\n\t\t\t\t<div class=\"elementor-widget-container\">\n\t\t\t\t\t<h2 class=\"elementor-heading-title elementor-size-default\">WoM Kontakt<\/h2>\t\t\t\t<\/div>\n\t\t\t\t<\/div>\n\t\t\t\t<div class=\"elementor-element elementor-element-3330fa4 elementor-widget elementor-widget-heading\" data-id=\"3330fa4\" data-element_type=\"widget\" data-e-type=\"widget\" data-widget_type=\"heading.default\">\n\t\t\t\t<div class=\"elementor-widget-container\">\n\t\t\t\t\t<span class=\"elementor-heading-title elementor-size-default\">Du hast Fragen zu Deiner Bestellung. Du m\u00f6chtest Kritik \u00e4ussern? Du m\u00f6chtest uns ein Lob aussprechen? Hier bist Du richtig. Sende uns eine Mail oder nutze die M\u00f6glichkeit uns eine Whatsapp zu senden. <\/span>\t\t\t\t<\/div>\n\t\t\t\t<\/div>\n\t\t\t\t<div class=\"elementor-element elementor-element-15458e9 elementor-widget elementor-widget-shortcode\" data-id=\"15458e9\" data-element_type=\"widget\" data-e-type=\"widget\" data-widget_type=\"shortcode.default\">\n\t\t\t\t<div class=\"elementor-widget-container\">\n\t\t\t\t\t\t\t<div class=\"elementor-shortcode\">\n<div class=\"wpcf7 no-js\" id=\"wpcf7-f3038-o1\" lang=\"en-US\" dir=\"ltr\" data-wpcf7-id=\"3038\">\n<div class=\"screen-reader-response\"><p role=\"status\" aria-live=\"polite\" aria-atomic=\"true\"><\/p> <ul><\/ul><\/div>\n<form action=\"\/en\/wp-json\/wp\/v2\/pages\/30542#wpcf7-f3038-o1\" method=\"post\" class=\"wpcf7-form init\" aria-label=\"Contact form\" novalidate=\"novalidate\" data-status=\"init\">\n<fieldset class=\"hidden-fields-container\"><input type=\"hidden\" name=\"_wpcf7\" value=\"3038\" \/><input type=\"hidden\" name=\"_wpcf7_version\" value=\"6.1.5\" \/><input type=\"hidden\" name=\"_wpcf7_locale\" value=\"en_US\" \/><input type=\"hidden\" name=\"_wpcf7_unit_tag\" value=\"wpcf7-f3038-o1\" \/><input type=\"hidden\" name=\"_wpcf7_container_post\" value=\"0\" \/><input type=\"hidden\" name=\"_wpcf7_posted_data_hash\" value=\"\" \/>\n<\/fieldset>\n<p><label> Dein Name<br \/>\n<span class=\"wpcf7-form-control-wrap\" data-name=\"your-name\"><input size=\"40\" maxlength=\"400\" class=\"wpcf7-form-control wpcf7-text wpcf7-validates-as-required\" autocomplete=\"name\" aria-required=\"true\" aria-invalid=\"false\" value=\"\" type=\"text\" name=\"your-name\" \/><\/span> <\/label>\n<\/p>\n<p><label> Deine Mail Adresse<br \/>\n<span class=\"wpcf7-form-control-wrap\" data-name=\"your-email\"><input size=\"40\" maxlength=\"400\" class=\"wpcf7-form-control wpcf7-email wpcf7-validates-as-required wpcf7-text wpcf7-validates-as-email\" autocomplete=\"email\" aria-required=\"true\" aria-invalid=\"false\" value=\"\" type=\"email\" name=\"your-email\" \/><\/span> <\/label>\n<\/p>\n<p><label> Was k\u00f6nnen wir f\u00fcr Dich tun<br \/>\n<span class=\"wpcf7-form-control-wrap\" data-name=\"select-238\"><select class=\"wpcf7-form-control wpcf7-select\" aria-invalid=\"false\" name=\"select-238\"><option value=\"Wo bleibt meine Bestellung?\">Wo bleibt meine Bestellung?<\/option><option value=\"Meine Bestellung kam besch\u00e4digt an!\">Meine Bestellung kam besch\u00e4digt an!<\/option><option value=\"Meine Bestellung kam unvollst\u00e4ndig an!\">Meine Bestellung kam unvollst\u00e4ndig an!<\/option><option value=\"Ich m\u00f6chte einfach nur Danke sagen!\">Ich m\u00f6chte einfach nur Danke sagen!<\/option><option value=\"Ihr habt Misst gemacht. Ich will Dampf ablassen!\">Ihr habt Misst gemacht. Ich will Dampf ablassen!<\/option><\/select><\/span><br \/>\n<\/label>\n<\/p>\n<p><label> Deine Nachricht an uns (optional)<br \/>\n<span class=\"wpcf7-form-control-wrap\" data-name=\"your-message\"><textarea cols=\"40\" rows=\"10\" maxlength=\"2000\" class=\"wpcf7-form-control wpcf7-textarea\" aria-invalid=\"false\" name=\"your-message\"><\/textarea><\/span> <\/label>\n<\/p>\n<p><input class=\"wpcf7-form-control wpcf7-submit has-spinner\" type=\"submit\" value=\"Absenden\" \/>\n<\/p><div class=\"wpcf7-response-output\" aria-hidden=\"true\"><\/div>\n<\/form>\n<\/div>\n<\/div>\n\t\t\t\t\t\t<\/div>\n\t\t\t\t<\/div>\n\t\t\t\t<\/div>\n\t\t\t\t<\/div>\n\t\t<div class=\"elementor-element elementor-element-1b97101 e-con-full e-flex e-con e-parent\" data-id=\"1b97101\" data-element_type=\"container\" data-e-type=\"container\">\n\t\t\t\t<div class=\"elementor-element elementor-element-2c0fd0c elementor-widget elementor-widget-heading\" data-id=\"2c0fd0c\" data-element_type=\"widget\" data-e-type=\"widget\" data-widget_type=\"heading.default\">\n\t\t\t\t<div class=\"elementor-widget-container\">\n\t\t\t\t\t<h2 class=\"elementor-heading-title elementor-size-default\">Wir lassen Euch nicht alleine !!! <\/h2>\t\t\t\t<\/div>\n\t\t\t\t<\/div>\n\t\t\t\t<div class=\"elementor-element elementor-element-7badfe7 elementor-widget elementor-widget-heading\" data-id=\"7badfe7\" data-element_type=\"widget\" data-e-type=\"widget\" data-widget_type=\"heading.default\">\n\t\t\t\t<div class=\"elementor-widget-container\">\n\t\t\t\t\t<h2 class=\"elementor-heading-title elementor-size-default\">Garantierte Antwortzeit Werktags innerhalb von 24 Stunden !!!<\/h2>\t\t\t\t<\/div>\n\t\t\t\t<\/div>\n\t\t\t\t<\/div>\n\t\t\t\t<\/div>\n\t\t","protected":false},"excerpt":{"rendered":"<p>WoM F.A.Q &#8211; Frequently Asked Questions Was kann ich tun wenn &#8230;.. Probleme beim Versand Ich habe meine Sendung nicht erhalten obwohl diese in der Sendungsverfolgung als zugestellt gekennzeichnet wurde. Keine Panik. Das kommt in der Tat \u00f6fter vor als man denkt. Meist sind die Gr\u00fcnde daf\u00fcr die Unterschiedlichsten. Zum Beispiel kann es sein, dass&#8230;<\/p>\n","protected":false},"author":1,"featured_media":0,"parent":0,"menu_order":0,"comment_status":"closed","ping_status":"closed","template":"","meta":{"_bst_post_transparent":"","_bst_post_title":"hide","_bst_post_layout":"fullwidth","_bst_post_sidebar_id":"","_bst_post_content_style":"unboxed","_bst_post_vertical_padding":"hide","_bst_post_feature":"hide","_bst_post_feature_position":"","_bst_post_header":false,"_bst_post_footer":false,"footnotes":""},"class_list":["post-30542","page","type-page","status-publish","hentry"],"aioseo_notices":[],"_links":{"self":[{"href":"https:\/\/worldofmugs-35ngqybq36.live-website.com\/en\/wp-json\/wp\/v2\/pages\/30542","targetHints":{"allow":["GET"]}}],"collection":[{"href":"https:\/\/worldofmugs-35ngqybq36.live-website.com\/en\/wp-json\/wp\/v2\/pages"}],"about":[{"href":"https:\/\/worldofmugs-35ngqybq36.live-website.com\/en\/wp-json\/wp\/v2\/types\/page"}],"author":[{"embeddable":true,"href":"https:\/\/worldofmugs-35ngqybq36.live-website.com\/en\/wp-json\/wp\/v2\/users\/1"}],"replies":[{"embeddable":true,"href":"https:\/\/worldofmugs-35ngqybq36.live-website.com\/en\/wp-json\/wp\/v2\/comments?post=30542"}],"version-history":[{"count":103,"href":"https:\/\/worldofmugs-35ngqybq36.live-website.com\/en\/wp-json\/wp\/v2\/pages\/30542\/revisions"}],"predecessor-version":[{"id":33130,"href":"https:\/\/worldofmugs-35ngqybq36.live-website.com\/en\/wp-json\/wp\/v2\/pages\/30542\/revisions\/33130"}],"wp:attachment":[{"href":"https:\/\/worldofmugs-35ngqybq36.live-website.com\/en\/wp-json\/wp\/v2\/media?parent=30542"}],"curies":[{"name":"wp","href":"https:\/\/api.w.org\/{rel}","templated":true}]}}