{"id":30563,"date":"2024-11-26T11:22:24","date_gmt":"2024-11-26T11:22:24","guid":{"rendered":"https:\/\/worldofmugs-35ngqybq36.live-website.com\/?page_id=30563"},"modified":"2025-02-11T19:58:27","modified_gmt":"2025-02-11T19:58:27","slug":"wom-impressum","status":"publish","type":"page","link":"https:\/\/worldofmugs-35ngqybq36.live-website.com\/en\/wom-impressum\/","title":{"rendered":"WoM Impressum"},"content":{"rendered":"\t\t<div data-elementor-type=\"wp-page\" data-elementor-id=\"30563\" class=\"elementor elementor-30563\">\n\t\t\t\t\t\t<section class=\"elementor-section elementor-top-section elementor-element elementor-element-75fd9845 elementor-section-boxed elementor-section-height-default elementor-section-height-default\" data-id=\"75fd9845\" data-element_type=\"section\" data-e-type=\"section\">\n\t\t\t\t\t\t<div class=\"elementor-container elementor-column-gap-no\">\n\t\t\t\t\t<div class=\"elementor-column elementor-col-50 elementor-top-column elementor-element elementor-element-3ef64b0\" data-id=\"3ef64b0\" data-element_type=\"column\" data-e-type=\"column\">\n\t\t\t<div class=\"elementor-widget-wrap elementor-element-populated\">\n\t\t\t\t\t\t<div class=\"elementor-element elementor-element-02768d3 elementor-widget elementor-widget-heading\" data-id=\"02768d3\" data-element_type=\"widget\" data-e-type=\"widget\" data-widget_type=\"heading.default\">\n\t\t\t\t<div class=\"elementor-widget-container\">\n\t\t\t\t\t<h1 class=\"elementor-heading-title elementor-size-default\">Impressum<\/h1>\t\t\t\t<\/div>\n\t\t\t\t<\/div>\n\t\t\t\t<div class=\"elementor-element elementor-element-ec604a3 elementor-widget elementor-widget-text-editor\" data-id=\"ec604a3\" data-element_type=\"widget\" data-e-type=\"widget\" data-widget_type=\"text-editor.default\">\n\t\t\t\t<div class=\"elementor-widget-container\">\n\t\t\t\t\t\t\t\t\t<p><span style=\"-webkit-font-smoothing: antialiased; color: #2d2424; font-family: Montserrat, sans-serif; font-size: 16px; letter-spacing: normal; background-color: #fafafa;\">Gesetzliche Anbieterkennung:<\/span><br style=\"-webkit-font-smoothing: antialiased; color: #2d2424; font-family: Montserrat, sans-serif; font-size: 16px; letter-spacing: normal; background-color: #fafafa;\" \/><br style=\"-webkit-font-smoothing: antialiased; color: #2d2424; font-family: Montserrat, sans-serif; font-size: 16px; letter-spacing: normal; background-color: #fafafa;\" \/><span style=\"-webkit-font-smoothing: antialiased; color: #2d2424; font-family: Montserrat, sans-serif; font-size: 16px; letter-spacing: normal; background-color: #fafafa;\">Beier Media Design<\/span><br style=\"-webkit-font-smoothing: antialiased; color: #2d2424; font-family: Montserrat, sans-serif; font-size: 16px; letter-spacing: normal; background-color: #fafafa;\" \/><span style=\"-webkit-font-smoothing: antialiased; color: #2d2424; font-family: Montserrat, sans-serif; font-size: 16px; letter-spacing: normal; background-color: #fafafa;\">Inhaberin: Sabine Beier<\/span><br style=\"-webkit-font-smoothing: antialiased; color: #2d2424; font-family: Montserrat, sans-serif; font-size: 16px; letter-spacing: normal; background-color: #fafafa;\" \/><span style=\"-webkit-font-smoothing: antialiased; color: #2d2424; font-family: Montserrat, sans-serif; font-size: 16px; letter-spacing: normal; background-color: #fafafa;\">L\u00fcnener Str. 230<\/span><br style=\"-webkit-font-smoothing: antialiased; color: #2d2424; font-family: Montserrat, sans-serif; font-size: 16px; letter-spacing: normal; background-color: #fafafa;\" \/><span style=\"-webkit-font-smoothing: antialiased; color: #2d2424; font-family: Montserrat, sans-serif; font-size: 16px; letter-spacing: normal; background-color: #fafafa;\">59174 Kamen<\/span><br style=\"-webkit-font-smoothing: antialiased; color: #2d2424; font-family: Montserrat, sans-serif; font-size: 16px; letter-spacing: normal; background-color: #fafafa;\" \/><span style=\"-webkit-font-smoothing: antialiased; color: #2d2424; font-family: Montserrat, sans-serif; font-size: 16px; letter-spacing: normal; background-color: #fafafa;\">Deutschland<\/span><br style=\"-webkit-font-smoothing: antialiased; color: #2d2424; font-family: Montserrat, sans-serif; font-size: 16px; letter-spacing: normal; background-color: #fafafa;\" \/><span style=\"-webkit-font-smoothing: antialiased; color: #2d2424; font-family: Montserrat, sans-serif; font-size: 16px; letter-spacing: normal; background-color: #fafafa;\">Telefon: 0172 478 26 12<\/span><br style=\"-webkit-font-smoothing: antialiased; color: #2d2424; font-family: Montserrat, sans-serif; font-size: 16px; letter-spacing: normal; background-color: #fafafa;\" \/><span style=\"-webkit-font-smoothing: antialiased; color: #2d2424; font-family: Montserrat, sans-serif; font-size: 16px; letter-spacing: normal; background-color: #fafafa;\">E-Mail: info@world-of-mugs.de<\/span><br style=\"-webkit-font-smoothing: antialiased; color: #2d2424; font-family: Montserrat, sans-serif; font-size: 16px; letter-spacing: normal; background-color: #fafafa;\" \/><span style=\"-webkit-font-smoothing: antialiased; color: #2d2424; font-family: Montserrat, sans-serif; font-size: 16px; letter-spacing: normal; background-color: #fafafa;\">USt-IdNr.: DE 0000000000\u00a0 (folgt umgehend)<\/span><br style=\"-webkit-font-smoothing: antialiased; color: #2d2424; font-family: Montserrat, sans-serif; font-size: 16px; letter-spacing: normal; background-color: #fafafa;\" \/><br style=\"-webkit-font-smoothing: antialiased; color: #2d2424; font-family: Montserrat, sans-serif; font-size: 16px; letter-spacing: normal; background-color: #fafafa;\" \/><span style=\"-webkit-font-smoothing: antialiased; color: #2d2424; font-family: Montserrat, sans-serif; font-size: 16px; letter-spacing: normal; background-color: #fafafa;\">Alternative Streitbeilegung:<\/span><br style=\"-webkit-font-smoothing: antialiased; color: #2d2424; font-family: Montserrat, sans-serif; font-size: 16px; letter-spacing: normal; background-color: #fafafa;\" \/><span style=\"-webkit-font-smoothing: antialiased; color: #2d2424; font-family: Montserrat, sans-serif; font-size: 16px; letter-spacing: normal; background-color: #fafafa;\">Die Europ\u00e4ische Kommission stellt eine Plattform f\u00fcr die au\u00dfergerichtliche Online-Streitbeilegung (OS-Plattform) bereit, aufrufbar unter https:\/\/ec.europa.eu\/odr (https:\/\/ec.europa.eu\/consumers\/odr).<\/span><br style=\"-webkit-font-smoothing: antialiased; color: #2d2424; font-family: Montserrat, sans-serif; font-size: 16px; letter-spacing: normal; background-color: #fafafa;\" \/><br style=\"-webkit-font-smoothing: antialiased; color: #2d2424; font-family: Montserrat, sans-serif; font-size: 16px; letter-spacing: normal; background-color: #fafafa;\" \/><span style=\"-webkit-font-smoothing: antialiased; color: #2d2424; font-family: Montserrat, sans-serif; font-size: 16px; letter-spacing: normal; background-color: #fafafa;\">Wir sind nicht bereit und nicht verpflichtet, an Streitbeilegungsverfahren vor Verbraucherschlichtungsstellen teilzunehmen.<\/span><br style=\"-webkit-font-smoothing: antialiased; color: #2d2424; font-family: Montserrat, sans-serif; font-size: 16px; letter-spacing: normal; background-color: #fafafa;\" \/><br style=\"-webkit-font-smoothing: antialiased; color: #2d2424; font-family: Montserrat, sans-serif; font-size: 16px; letter-spacing: normal; background-color: #fafafa;\" \/><span style=\"-webkit-font-smoothing: antialiased; color: #2d2424; font-family: Montserrat, sans-serif; font-size: 16px; letter-spacing: normal; background-color: #fafafa;\">Rechtliche Hinweise zur Webseite<\/span><br style=\"-webkit-font-smoothing: antialiased; color: #2d2424; font-family: Montserrat, sans-serif; font-size: 16px; letter-spacing: normal; background-color: #fafafa;\" \/><br style=\"-webkit-font-smoothing: antialiased; color: #2d2424; font-family: Montserrat, sans-serif; font-size: 16px; letter-spacing: normal; background-color: #fafafa;\" \/><span style=\"-webkit-font-smoothing: antialiased; color: #2d2424; font-family: Montserrat, sans-serif; font-size: 16px; letter-spacing: normal; background-color: #fafafa;\">Alle Texte, Bilder und weiter hier ver\u00f6ffentlichten Informationen unterliegen dem Urheberrecht des Anbieters, soweit nicht Urheberrechte Dritter bestehen. In jedem Fall ist eine Vervielf\u00e4ltigung, Verbreitung oder \u00f6ffentliche Wiedergabe ausschlie\u00dflich im Falle einer widerruflichen und nicht \u00fcbertragbaren Zustimmung des Anbieters gestattet.<\/span><br style=\"-webkit-font-smoothing: antialiased; color: #2d2424; font-family: Montserrat, sans-serif; font-size: 16px; letter-spacing: normal; background-color: #fafafa;\" \/><br style=\"-webkit-font-smoothing: antialiased; color: #2d2424; font-family: Montserrat, sans-serif; font-size: 16px; letter-spacing: normal; background-color: #fafafa;\" \/><span style=\"-webkit-font-smoothing: antialiased; color: #2d2424; font-family: Montserrat, sans-serif; font-size: 16px; letter-spacing: normal; background-color: #fafafa;\">F\u00fcr alle mittels Querverweis (Link) verbundenen Webinhalte \u00fcbernimmt der Anbieter keine Verantwortung, da es sich hierbei nicht um eigene Inhalte handelt. Die verlinkten Seiten wurden auf rechtswidrige Inhalte \u00fcberpr\u00fcft, zum Zeitpunkt der Verlinkung waren solche nicht erkennbar. Verantwortlich f\u00fcr den Inhalt der verlinkten Seiten ist deren Betreiber. Der Anbieter hat hierzu keine allgemeine \u00dcberwachungs- und Pr\u00fcfungspflicht. Bei Bekanntwerden einer Rechtsverletzung wird der entsprechende Link jedoch umgehend entfernt.<\/span><\/p>\t\t\t\t\t\t\t\t<\/div>\n\t\t\t\t<\/div>\n\t\t\t\t\t<\/div>\n\t\t<\/div>\n\t\t\t\t<div class=\"elementor-column elementor-col-50 elementor-top-column elementor-element elementor-element-1a2961f\" data-id=\"1a2961f\" data-element_type=\"column\" data-e-type=\"column\">\n\t\t\t<div class=\"elementor-widget-wrap elementor-element-populated\">\n\t\t\t\t\t\t<div class=\"elementor-element elementor-element-e178fe8 elementor-widget elementor-widget-heading\" data-id=\"e178fe8\" data-element_type=\"widget\" data-e-type=\"widget\" data-widget_type=\"heading.default\">\n\t\t\t\t<div class=\"elementor-widget-container\">\n\t\t\t\t\t<h1 class=\"elementor-heading-title elementor-size-default\">WoM ein Produkt der ... <\/h1>\t\t\t\t<\/div>\n\t\t\t\t<\/div>\n\t\t\t\t<div class=\"elementor-element elementor-element-825fbb4 elementor-widget elementor-widget-image\" data-id=\"825fbb4\" data-element_type=\"widget\" data-e-type=\"widget\" data-widget_type=\"image.default\">\n\t\t\t\t<div class=\"elementor-widget-container\">\n\t\t\t\t\t\t\t\t\t\t\t\t\t\t\t<img fetchpriority=\"high\" decoding=\"async\" width=\"500\" height=\"500\" src=\"https:\/\/worldofmugs-35ngqybq36.live-website.com\/wp-content\/uploads\/2025\/02\/Logo-Beier-Media.png\" class=\"attachment-1536x1536 size-1536x1536 wp-image-32167\" alt=\"\" srcset=\"https:\/\/worldofmugs-35ngqybq36.live-website.com\/wp-content\/uploads\/2025\/02\/Logo-Beier-Media.png 500w, https:\/\/worldofmugs-35ngqybq36.live-website.com\/wp-content\/uploads\/2025\/02\/Logo-Beier-Media-300x300.png 300w, https:\/\/worldofmugs-35ngqybq36.live-website.com\/wp-content\/uploads\/2025\/02\/Logo-Beier-Media-150x150.png 150w, https:\/\/worldofmugs-35ngqybq36.live-website.com\/wp-content\/uploads\/2025\/02\/Logo-Beier-Media-350x350.png 350w, https:\/\/worldofmugs-35ngqybq36.live-website.com\/wp-content\/uploads\/2025\/02\/Logo-Beier-Media-100x100.png 100w, https:\/\/worldofmugs-35ngqybq36.live-website.com\/wp-content\/uploads\/2025\/02\/Logo-Beier-Media-96x96.png 96w, https:\/\/worldofmugs-35ngqybq36.live-website.com\/wp-content\/uploads\/2025\/02\/Logo-Beier-Media-460x460.png 460w\" sizes=\"(max-width: 500px) 100vw, 500px\" \/>\t\t\t\t\t\t\t\t\t\t\t\t\t\t\t<\/div>\n\t\t\t\t<\/div>\n\t\t\t\t<div class=\"elementor-element elementor-element-c5aa772 elementor-widget elementor-widget-heading\" data-id=\"c5aa772\" data-element_type=\"widget\" data-e-type=\"widget\" data-widget_type=\"heading.default\">\n\t\t\t\t<div class=\"elementor-widget-container\">\n\t\t\t\t\t<h1 class=\"elementor-heading-title elementor-size-default\">Wo wir zu finden sind ...<\/h1>\t\t\t\t<\/div>\n\t\t\t\t<\/div>\n\t\t\t\t<div class=\"elementor-element elementor-element-1a8c4ef elementor-widget elementor-widget-google_maps\" data-id=\"1a8c4ef\" data-element_type=\"widget\" data-e-type=\"widget\" data-widget_type=\"google_maps.default\">\n\t\t\t\t<div class=\"elementor-widget-container\">\n\t\t\t\t\t\t\t<div class=\"elementor-custom-embed\">\n\t\t\t<iframe loading=\"lazy\"\n\t\t\t\t\tsrc=\"https:\/\/maps.google.com\/maps?q=L%C3%BCnener%20Str.%20230%2059174%20Kamen&#038;t=m&#038;z=12&#038;output=embed&#038;iwloc=near\"\n\t\t\t\t\ttitle=\"L\u00fcnener Str. 230 59174 Kamen\"\n\t\t\t\t\taria-label=\"L\u00fcnener Str. 230 59174 Kamen\"\n\t\t\t><\/iframe>\n\t\t<\/div>\n\t\t\t\t\t\t<\/div>\n\t\t\t\t<\/div>\n\t\t\t\t\t<\/div>\n\t\t<\/div>\n\t\t\t\t\t<\/div>\n\t\t<\/section>\n\t\t\t\t<\/div>\n\t\t","protected":false},"excerpt":{"rendered":"<p>Impressum Gesetzliche Anbieterkennung:Beier Media DesignInhaberin: Sabine BeierL\u00fcnener Str. 23059174 KamenDeutschlandTelefon: 0172 478 26 12E-Mail: info@world-of-mugs.deUSt-IdNr.: DE 0000000000\u00a0 (folgt umgehend)Alternative Streitbeilegung:Die Europ\u00e4ische Kommission stellt eine Plattform f\u00fcr die au\u00dfergerichtliche Online-Streitbeilegung (OS-Plattform) bereit, aufrufbar unter https:\/\/ec.europa.eu\/odr (https:\/\/ec.europa.eu\/consumers\/odr).Wir sind nicht bereit und nicht verpflichtet, an Streitbeilegungsverfahren vor Verbraucherschlichtungsstellen teilzunehmen.Rechtliche Hinweise zur WebseiteAlle Texte, Bilder und weiter hier ver\u00f6ffentlichten&#8230;<\/p>\n","protected":false},"author":1,"featured_media":0,"parent":0,"menu_order":0,"comment_status":"closed","ping_status":"closed","template":"","meta":{"_bst_post_transparent":"","_bst_post_title":"hide","_bst_post_layout":"fullwidth","_bst_post_sidebar_id":"","_bst_post_content_style":"unboxed","_bst_post_vertical_padding":"hide","_bst_post_feature":"hide","_bst_post_feature_position":"","_bst_post_header":false,"_bst_post_footer":false,"footnotes":""},"class_list":["post-30563","page","type-page","status-publish","hentry"],"aioseo_notices":[],"_links":{"self":[{"href":"https:\/\/worldofmugs-35ngqybq36.live-website.com\/en\/wp-json\/wp\/v2\/pages\/30563","targetHints":{"allow":["GET"]}}],"collection":[{"href":"https:\/\/worldofmugs-35ngqybq36.live-website.com\/en\/wp-json\/wp\/v2\/pages"}],"about":[{"href":"https:\/\/worldofmugs-35ngqybq36.live-website.com\/en\/wp-json\/wp\/v2\/types\/page"}],"author":[{"embeddable":true,"href":"https:\/\/worldofmugs-35ngqybq36.live-website.com\/en\/wp-json\/wp\/v2\/users\/1"}],"replies":[{"embeddable":true,"href":"https:\/\/worldofmugs-35ngqybq36.live-website.com\/en\/wp-json\/wp\/v2\/comments?post=30563"}],"version-history":[{"count":43,"href":"https:\/\/worldofmugs-35ngqybq36.live-website.com\/en\/wp-json\/wp\/v2\/pages\/30563\/revisions"}],"predecessor-version":[{"id":32183,"href":"https:\/\/worldofmugs-35ngqybq36.live-website.com\/en\/wp-json\/wp\/v2\/pages\/30563\/revisions\/32183"}],"wp:attachment":[{"href":"https:\/\/worldofmugs-35ngqybq36.live-website.com\/en\/wp-json\/wp\/v2\/media?parent=30563"}],"curies":[{"name":"wp","href":"https:\/\/api.w.org\/{rel}","templated":true}]}}