{"id":32839,"date":"2025-02-24T11:55:08","date_gmt":"2025-02-24T11:55:08","guid":{"rendered":"https:\/\/worldofmugs-35ngqybq36.live-website.com\/?post_type=product&#038;p=32839"},"modified":"2025-02-24T12:24:30","modified_gmt":"2025-02-24T12:24:30","slug":"1000017-urlaub-hawaii","status":"publish","type":"product","link":"https:\/\/worldofmugs-35ngqybq36.live-website.com\/en\/product\/1000017-urlaub-hawaii\/","title":{"rendered":"1000017 &#8211; Urlaub Hawaii"},"content":{"rendered":"<h2 style=\"text-align: center;\"><strong>World of Mugs &#8211; Starte den Tag mit einem L\u00e4cheln im Gesicht<\/strong><\/h2>\n<h5 style=\"text-align: center;\"><strong>&#8211; Ein Muss f\u00fcr alle Fans und Liebhaber von originellen Kaffeetassen &#8211;<\/strong><\/h5>\n<p>&nbsp;<\/p>\n<p><span style=\"font-family: var(--global-body-font-family); letter-spacing: 0.15px;\">Endlich ist es so weit. Die Zeit zum Ausmisten ist gekommen. &#8220;0815&#8221; war gestern. WoM ist heute. Mit World of Mugs bringst Du neuen frischen Wind in Dein tristes Tassenregal. Ausgefallene und kreative Motive, freche und lustige Spr\u00fcche und 2-deutige Slogans &#8211; Unser Design Team erfindet sich immer wieder neu und arbeitet st\u00e4ndig an neuen Designs.\u00a0<\/span><\/p>\n<p>Starte den tristen Alltag morgens mit einer aufmunternden Fr\u00fchst\u00fcckstasse , oder zaubere den Kollegen auf der Arbeit mit einer witzigen Kaffeetasse ein L\u00e4cheln auf`s Gesicht, oder erfreue Deine Liebsten mit einem kleinen tollen Geschenk. Diese wundersch\u00f6ne Tasse ist perfekt f\u00fcr alle Anl\u00e4sse geeignet. Auch als tolles Geschenk f\u00fcr sich selber. Mit den coolen Tassen von World of Mugs wird der Alltag ein St\u00fcckchen angenehmer. <span style=\"font-family: var(--global-body-font-family); letter-spacing: 0.15px;\">Mit einem Fassungsverm\u00f6gen von ca 330 ml ist sie ideal f\u00fcr hei\u00dfe Getr\u00e4nke und kann sowohl in der Mikrowelle als auch in der Sp\u00fclmaschine verwendet <\/span><span style=\"font-family: var(--global-body-font-family); letter-spacing: 0.15px;\">werden. <\/span><span style=\"font-family: var(--global-body-font-family); letter-spacing: 0.15px;\">Sch\u00f6ne Farben und Kontraste geben dieser Tasse eine tolle Optik.<\/span><\/p>\n<h3><strong>Unser Model: 1000017 &#8211; Urlaub Hawaii<\/strong><\/h3>\n<p><span style=\"font-family: var(--global-body-font-family); letter-spacing: 0.15px;\">Das moderne Design mit dem wundervollen qualitativ hochwertigem Print macht diese Tasse zu einem echten Hingucker auf dem gedeckten Tisch. Hergestellt in Deutschland aus hochwertiger Keramik, ist sie stapelbar, auslaufsicher sp\u00fcmaschinenfest und Mikrowellen geeignet. Jede Tasse ist zum einen von Hand gefertigt und wird zu dem noch akribisch \u00fcberpr\u00fcft bevor diese uns verl\u00e4sst. Wir wollen ausschlie\u00dflich perfekte Qualit\u00e4t liefern und nehmen uns daf\u00fcr auch mal ein wenig mehr Zeit<\/span><\/p>\n<div class=\"x-item-description-child\" data-marko-key=\"@container s0-14\" data-testid=\"x-item-description-child\">\n<div><strong style=\"font-family: var(--global-body-font-family); letter-spacing: 0.15px;\">HINWEIS:<\/strong><span style=\"font-family: var(--global-body-font-family); letter-spacing: 0.15px;\"> Die Tasse ist beidseitig gebrannt.<\/span><\/div>\n<\/div>\n<h3><\/h3>\n<h3><strong>Produktinformation:<\/strong><\/h3>\n<p>Unsere Sublimationstassen bestechen nicht nur in der hohen Qualit\u00e4t. Sie bilden mit Ihrer schlichten Form und dem praktischen gro\u00dfen C-f\u00f6rmigen Henkel Design ein beliebtes Produkt zum verschenken. Diese Tassen sind ideal geeignet f\u00fcr den Sublimationsdruck und somit perfekt f\u00fcr uns. Egal ob Fotos oder neckische Botschaften. Wir nutzen qualitativ hochwertige Markentinte um ein perfektes Druckergebnis zu gew\u00e4hrleisten. Jede Tasse ist einzeln verpackt in einer wei\u00dfen Geschenkbox.<\/p>\n<p>&nbsp;<\/p>\n<h3><strong>Infos auf einen Blick:<\/strong><\/h3>\n<ul>\n<li>qualitativ hochwertige Keramiktasse mit der patentierten ORCA Beschichtung<\/li>\n<li>ORCA Beschichtung in hoch wei\u00df mit gl\u00e4nzender Beschichtung f\u00fcr langlebige Sublimationsdrucke<\/li>\n<li>satte, sch\u00f6ne und realistische Farben sind mit dieser Beschichtung m\u00f6glich und heben die Qualit\u00e4t auf ein neues Niveau<\/li>\n<li>unsere Tassen werden in einem Umkarton verpackt und sind somit vor Transportsch\u00e4den gesch\u00fctzt<\/li>\n<li>Alle Tassen bei World of Mugs sind sowohl f\u00fcr Sp\u00fclmaschine als auch f\u00fcr die Mikrowelle geeignet<\/li>\n<li>Produktma\u00dfe:\u00a0<span style=\"font-family: Arial, sans-serif;\">H\u00f6he ca. 95mm, \u00d8 ca. 82mm, Gewicht ca. 320 g<\/span><\/li>\n<li>Das Fassungsverm\u00f6gen von unseren Tassen betr\u00e4gt ca. 330 ml sofern nichts anderes angegeben ist<\/li>\n<li>Alle unsere Tassen sind sowohl f\u00fcr Links als auch f\u00fcr Rechtsh\u00e4nder geeignet da wir den beidseitigen Druck durchf\u00fchren sofern nicht anders geregelt.<\/li>\n<\/ul>\n","protected":false},"excerpt":{"rendered":"<h3><strong>Model: 1000017 &#8211; Urlaub Hawaii<\/strong><\/h3>\n<p>Diese sch\u00f6ne Tasse ist perfekt f\u00fcr alle Anl\u00e4sse geeignet. Mit einem Fassungsverm\u00f6gen von ca. 330 ml ist sie ideal f\u00fcr hei\u00dfe Getr\u00e4nke und ist sowohl f\u00fcr die Sp\u00fclmaschine als auch f\u00fcr die Mikrowelle geeignet. Einem wundervollen Zeitpunkt zum verschenken oder zum selber nutzen steht somit nichts mehr im Wege. Sch\u00f6ne Farben und Kontraste geben dieser Tasse eine tolle Optik.<\/p>\n<p><strong style=\"font-family: var(--global-body-font-family); letter-spacing: 0.15px;\">HINWEIS:<\/strong><span style=\"font-family: var(--global-body-font-family); letter-spacing: 0.15px;\"> Die Tasse ist beidseitig gebrannt.<\/span><\/p>\n","protected":false},"featured_media":32849,"comment_status":"open","ping_status":"closed","template":"","meta":{"_bst_post_transparent":"default","_bst_post_title":"","_bst_post_layout":"default","_bst_post_sidebar_id":"","_bst_post_content_style":"default","_bst_post_vertical_padding":"default","_bst_post_feature":"","_bst_post_feature_position":"","_bst_post_header":false,"_bst_post_footer":false},"product_brand":[],"product_cat":[858,843],"product_tag":[],"product_brands":[841],"class_list":{"0":"post-32839","1":"product","2":"type-product","3":"status-publish","4":"has-post-thumbnail","6":"product_cat-urlaub","7":"product_cat-wom-tassen","8":"product_brands-wom-mug","10":"first","11":"instock","12":"sale","13":"taxable","14":"shipping-taxable","15":"purchasable","16":"product-type-variable","17":"has-default-attributes","18":"entry","19":"content-bg","20":"loop-entry"},"aioseo_notices":[],"_links":{"self":[{"href":"https:\/\/worldofmugs-35ngqybq36.live-website.com\/en\/wp-json\/wp\/v2\/product\/32839","targetHints":{"allow":["GET"]}}],"collection":[{"href":"https:\/\/worldofmugs-35ngqybq36.live-website.com\/en\/wp-json\/wp\/v2\/product"}],"about":[{"href":"https:\/\/worldofmugs-35ngqybq36.live-website.com\/en\/wp-json\/wp\/v2\/types\/product"}],"replies":[{"embeddable":true,"href":"https:\/\/worldofmugs-35ngqybq36.live-website.com\/en\/wp-json\/wp\/v2\/comments?post=32839"}],"version-history":[{"count":1,"href":"https:\/\/worldofmugs-35ngqybq36.live-website.com\/en\/wp-json\/wp\/v2\/product\/32839\/revisions"}],"predecessor-version":[{"id":32862,"href":"https:\/\/worldofmugs-35ngqybq36.live-website.com\/en\/wp-json\/wp\/v2\/product\/32839\/revisions\/32862"}],"wp:featuredmedia":[{"embeddable":true,"href":"https:\/\/worldofmugs-35ngqybq36.live-website.com\/en\/wp-json\/wp\/v2\/media\/32849"}],"wp:attachment":[{"href":"https:\/\/worldofmugs-35ngqybq36.live-website.com\/en\/wp-json\/wp\/v2\/media?parent=32839"}],"wp:term":[{"taxonomy":"product_brand","embeddable":true,"href":"https:\/\/worldofmugs-35ngqybq36.live-website.com\/en\/wp-json\/wp\/v2\/product_brand?post=32839"},{"taxonomy":"product_cat","embeddable":true,"href":"https:\/\/worldofmugs-35ngqybq36.live-website.com\/en\/wp-json\/wp\/v2\/product_cat?post=32839"},{"taxonomy":"product_tag","embeddable":true,"href":"https:\/\/worldofmugs-35ngqybq36.live-website.com\/en\/wp-json\/wp\/v2\/product_tag?post=32839"},{"taxonomy":"product_brands","embeddable":true,"href":"https:\/\/worldofmugs-35ngqybq36.live-website.com\/en\/wp-json\/wp\/v2\/product_brands?post=32839"}],"curies":[{"name":"wp","href":"https:\/\/api.w.org\/{rel}","templated":true}]}}